{"id":3538,"date":"2025-01-24T10:18:05","date_gmt":"2025-01-24T06:18:05","guid":{"rendered":"https:\/\/khojalytoday.com\/?page_id=3538"},"modified":"2025-01-24T10:25:21","modified_gmt":"2025-01-24T06:25:21","slug":"xocaliya-qayidis","status":"publish","type":"page","link":"https:\/\/khojalytoday.com\/az\/xocaliya-qayidis\/","title":{"rendered":"Xocal\u0131ya Qay\u0131d\u0131\u015f"},"content":{"rendered":"","protected":false},"excerpt":{"rendered":"","protected":false},"author":1,"featured_media":0,"parent":0,"menu_order":0,"comment_status":"closed","ping_status":"closed","template":"","meta":[],"_links":{"self":[{"href":"https:\/\/khojalytoday.com\/az\/wp-json\/wp\/v2\/pages\/3538"}],"collection":[{"href":"https:\/\/khojalytoday.com\/az\/wp-json\/wp\/v2\/pages"}],"about":[{"href":"https:\/\/khojalytoday.com\/az\/wp-json\/wp\/v2\/types\/page"}],"author":[{"embeddable":true,"href":"https:\/\/khojalytoday.com\/az\/wp-json\/wp\/v2\/users\/1"}],"replies":[{"embeddable":true,"href":"https:\/\/khojalytoday.com\/az\/wp-json\/wp\/v2\/comments?post=3538"}],"version-history":[{"count":1,"href":"https:\/\/khojalytoday.com\/az\/wp-json\/wp\/v2\/pages\/3538\/revisions"}],"predecessor-version":[{"id":3539,"href":"https:\/\/khojalytoday.com\/az\/wp-json\/wp\/v2\/pages\/3538\/revisions\/3539"}],"wp:attachment":[{"href":"https:\/\/khojalytoday.com\/az\/wp-json\/wp\/v2\/media?parent=3538"}],"curies":[{"name":"wp","href":"https:\/\/api.w.org\/{rel}","templated":true}]}}