{"id":1506,"date":"2021-02-22T15:03:32","date_gmt":"2021-02-22T11:03:32","guid":{"rendered":"https:\/\/khojalytoday.com\/films\/"},"modified":"2022-02-25T11:06:32","modified_gmt":"2022-02-25T07:06:32","slug":"films","status":"publish","type":"page","link":"https:\/\/khojalytoday.com\/az\/films\/","title":{"rendered":"Soyq\u0131r\u0131m haqq\u0131nda filml\u0259r"},"content":{"rendered":"","protected":false},"excerpt":{"rendered":"","protected":false},"author":1,"featured_media":0,"parent":0,"menu_order":0,"comment_status":"closed","ping_status":"closed","template":"","meta":[],"_links":{"self":[{"href":"https:\/\/khojalytoday.com\/az\/wp-json\/wp\/v2\/pages\/1506"}],"collection":[{"href":"https:\/\/khojalytoday.com\/az\/wp-json\/wp\/v2\/pages"}],"about":[{"href":"https:\/\/khojalytoday.com\/az\/wp-json\/wp\/v2\/types\/page"}],"author":[{"embeddable":true,"href":"https:\/\/khojalytoday.com\/az\/wp-json\/wp\/v2\/users\/1"}],"replies":[{"embeddable":true,"href":"https:\/\/khojalytoday.com\/az\/wp-json\/wp\/v2\/comments?post=1506"}],"version-history":[{"count":6,"href":"https:\/\/khojalytoday.com\/az\/wp-json\/wp\/v2\/pages\/1506\/revisions"}],"predecessor-version":[{"id":3509,"href":"https:\/\/khojalytoday.com\/az\/wp-json\/wp\/v2\/pages\/1506\/revisions\/3509"}],"wp:attachment":[{"href":"https:\/\/khojalytoday.com\/az\/wp-json\/wp\/v2\/media?parent=1506"}],"curies":[{"name":"wp","href":"https:\/\/api.w.org\/{rel}","templated":true}]}}