{"id":1367,"date":"2021-02-22T19:42:17","date_gmt":"2021-02-22T15:42:17","guid":{"rendered":"https:\/\/khojalytoday.com\/share-your-story\/"},"modified":"2022-02-25T01:56:43","modified_gmt":"2022-02-24T21:56:43","slug":"share-your-story","status":"publish","type":"page","link":"https:\/\/khojalytoday.com\/az\/share-your-story\/","title":{"rendered":"HEKAY\u018fN\u0130Z\u0130 B\u0130Z\u0130ML\u018f PAYLA\u015eIN"},"content":{"rendered":"","protected":false},"excerpt":{"rendered":"","protected":false},"author":1,"featured_media":0,"parent":0,"menu_order":0,"comment_status":"closed","ping_status":"closed","template":"","meta":[],"_links":{"self":[{"href":"https:\/\/khojalytoday.com\/az\/wp-json\/wp\/v2\/pages\/1367"}],"collection":[{"href":"https:\/\/khojalytoday.com\/az\/wp-json\/wp\/v2\/pages"}],"about":[{"href":"https:\/\/khojalytoday.com\/az\/wp-json\/wp\/v2\/types\/page"}],"author":[{"embeddable":true,"href":"https:\/\/khojalytoday.com\/az\/wp-json\/wp\/v2\/users\/1"}],"replies":[{"embeddable":true,"href":"https:\/\/khojalytoday.com\/az\/wp-json\/wp\/v2\/comments?post=1367"}],"version-history":[{"count":1,"href":"https:\/\/khojalytoday.com\/az\/wp-json\/wp\/v2\/pages\/1367\/revisions"}],"predecessor-version":[{"id":2714,"href":"https:\/\/khojalytoday.com\/az\/wp-json\/wp\/v2\/pages\/1367\/revisions\/2714"}],"wp:attachment":[{"href":"https:\/\/khojalytoday.com\/az\/wp-json\/wp\/v2\/media?parent=1367"}],"curies":[{"name":"wp","href":"https:\/\/api.w.org\/{rel}","templated":true}]}}